{"id":102,"date":"2020-04-26T18:59:39","date_gmt":"2020-04-26T16:59:39","guid":{"rendered":"https:\/\/tuttoilbellodellosport.wordpress.com\/?page_id=102"},"modified":"2022-07-22T12:35:58","modified_gmt":"2022-07-22T10:35:58","slug":"il-principe-lorenzo-e-la-magia-del-cuore-giallo","status":"publish","type":"page","link":"https:\/\/ispirazionesportiva.com\/index.php\/il-principe-lorenzo-e-la-magia-del-cuore-giallo\/","title":{"rendered":"Il Principe Lorenzo e la magia del cuore giallo"},"content":{"rendered":"\n<p class=\"has-drop-cap has-text-color has-background\" style=\"background-color:#f6f303;color:#a39c00\"><mark style=\"background-color:rgba(0, 0, 0, 0)\" class=\"has-inline-color has-foreground-dark-color\"><em>Lorenzo \u00e8 il sorriso dell&#8217;amore, \u00e8 il Piccolo Principe che ha ispirato IspirazioneSportiva.com, che racconta favole sportive.<\/em> <\/mark><\/p>\n\n\n\n<p class=\"has-background\" style=\"background-color:#f7ec02\"><em>Il piccolo Lorenzo, a causa di un mostro chiamato neuroblastoma \u00e8 volato via troppo presto ma ha lasciato in eredit\u00e0 la forza di creare, perch\u00e9 dovunque voi vediate un cuore giallo ci sar\u00e0 la sua magia. <\/em><\/p>\n\n\n\n<p class=\"has-background\" style=\"background-color:#faee05\"><em>Come nello sport, non tutte le favole hanno un lieto fine, non tutti i campioni vincono sempre, ma nella vita la gioia che ha lasciato Lorenzo non pu\u00f2 e non deve essere solo un ricordo. Mamma Manu potr\u00e0 sgridarmi spesso e volentieri, soprattutto ora che il suo sorriso e la sua forza potr\u00e0 animare questo sito. <\/em><\/p>\n\n\n\n<p class=\"has-background\" style=\"background-color:#f4e807\"><em>Questo sito nasce per sostenere e far conoscere il Progetto Lorenzo con la missione di far tutto al meglio, raccontando lo sport come meglio si pu\u00f2 e avendo il pensiero fisso di poter contribuire a pi\u00f9 progetti possibili della stessa associazione, perch\u00e9 nessun mostro potr\u00e0 mai essere pi\u00f9 forte del nostro supereroe Lore!<\/em><\/p>\n\n\n\n<p class=\"has-background\" style=\"background-color:#f2f606\">&#8220;<em>Piccolo Lore, qualsiasi cosa che non abbiamo potuto far con te la faremo per te<\/em>&#8220;<\/p>\n\n\n\n<p><a href=\"https:\/\/www.facebook.com\/Progetto-Lorenzo-301881783539114\/\"> https:\/\/www.facebook.com\/Progetto-Lorenzo-301881783539114\/<\/a><\/p>\n\n\n\n<figure class=\"wp-block-image size-large is-style-default\"><img loading=\"lazy\" decoding=\"async\" width=\"900\" height=\"560\" src=\"https:\/\/tuttoilbellodellosport.files.wordpress.com\/2020\/04\/kisspng-heart-yellow-clip-art-yellow-heart-png-hd-5a79b4aa741643.0136993115179255464755.jpg?w=900\" alt=\"\" class=\"wp-image-112\" srcset=\"https:\/\/ispirazionesportiva.com\/wp-content\/uploads\/2020\/04\/kisspng-heart-yellow-clip-art-yellow-heart-png-hd-5a79b4aa741643.0136993115179255464755.jpg 900w, https:\/\/ispirazionesportiva.com\/wp-content\/uploads\/2020\/04\/kisspng-heart-yellow-clip-art-yellow-heart-png-hd-5a79b4aa741643.0136993115179255464755-300x187.jpg 300w, https:\/\/ispirazionesportiva.com\/wp-content\/uploads\/2020\/04\/kisspng-heart-yellow-clip-art-yellow-heart-png-hd-5a79b4aa741643.0136993115179255464755-768x478.jpg 768w\" sizes=\"auto, (max-width: 900px) 100vw, 900px\" \/><\/figure>\n\n\n\n<p>&nbsp;<\/p>\n\n\n\n<p>&nbsp;<\/p>\n\n\n\n<figure class=\"wp-block-image size-large\"><img loading=\"lazy\" decoding=\"async\" width=\"776\" height=\"1024\" src=\"https:\/\/ispirazionesportiva.com\/wp-content\/uploads\/2022\/07\/93363133_1033850520342233_3504735043438247936_n-776x1024.jpg\" alt=\"\" class=\"wp-image-1604\" srcset=\"https:\/\/ispirazionesportiva.com\/wp-content\/uploads\/2022\/07\/93363133_1033850520342233_3504735043438247936_n-776x1024.jpg 776w, https:\/\/ispirazionesportiva.com\/wp-content\/uploads\/2022\/07\/93363133_1033850520342233_3504735043438247936_n-227x300.jpg 227w, https:\/\/ispirazionesportiva.com\/wp-content\/uploads\/2022\/07\/93363133_1033850520342233_3504735043438247936_n-768x1014.jpg 768w, https:\/\/ispirazionesportiva.com\/wp-content\/uploads\/2022\/07\/93363133_1033850520342233_3504735043438247936_n-1164x1536.jpg 1164w, https:\/\/ispirazionesportiva.com\/wp-content\/uploads\/2022\/07\/93363133_1033850520342233_3504735043438247936_n-1024x1352.jpg 1024w, https:\/\/ispirazionesportiva.com\/wp-content\/uploads\/2022\/07\/93363133_1033850520342233_3504735043438247936_n.jpg 1212w\" sizes=\"auto, (max-width: 776px) 100vw, 776px\" \/><figcaption>Le sorprese per <a href=\"https:\/\/www.facebook.com\/Progetto-Lorenzo-301881783539114\">Lorenzo<\/a> non finiranno mai!<\/figcaption><\/figure>\n","protected":false},"excerpt":{"rendered":"<p>Lorenzo \u00e8 il sorriso dell&#8217;amore, \u00e8 il Piccolo Principe che ha ispirato IspirazioneSportiva.com, che racconta&#8230;<\/p>\n","protected":false},"author":4,"featured_media":0,"parent":0,"menu_order":3,"comment_status":"closed","ping_status":"closed","template":"","meta":{"footnotes":""},"class_list":["post-102","page","type-page","status-publish","hentry"],"yoast_head":"<!-- This site is optimized with the Yoast SEO plugin v21.9 - https:\/\/yoast.com\/wordpress\/plugins\/seo\/ -->\n<title>Il Principe Lorenzo e la magia del cuore giallo - IspirazioneSportiva.com<\/title>\n<meta name=\"robots\" content=\"index, follow, max-snippet:-1, max-image-preview:large, max-video-preview:-1\" \/>\n<link rel=\"canonical\" href=\"https:\/\/ispirazionesportiva.com\/index.php\/il-principe-lorenzo-e-la-magia-del-cuore-giallo\/\" \/>\n<meta property=\"og:locale\" content=\"it_IT\" \/>\n<meta property=\"og:type\" content=\"article\" \/>\n<meta property=\"og:title\" content=\"Il Principe Lorenzo e la magia del cuore giallo - IspirazioneSportiva.com\" \/>\n<meta property=\"og:description\" content=\"Lorenzo \u00e8 il sorriso dell&#8217;amore, \u00e8 il Piccolo Principe che ha ispirato IspirazioneSportiva.com, che racconta...\" \/>\n<meta property=\"og:url\" content=\"https:\/\/ispirazionesportiva.com\/index.php\/il-principe-lorenzo-e-la-magia-del-cuore-giallo\/\" \/>\n<meta property=\"og:site_name\" content=\"IspirazioneSportiva.com\" \/>\n<meta property=\"article:publisher\" content=\"https:\/\/www.facebook.com\/search\/top\/?q=ispirazionesportiva.com\" \/>\n<meta property=\"article:modified_time\" content=\"2022-07-22T10:35:58+00:00\" \/>\n<meta property=\"og:image\" content=\"https:\/\/tuttoilbellodellosport.files.wordpress.com\/2020\/04\/kisspng-heart-yellow-clip-art-yellow-heart-png-hd-5a79b4aa741643.0136993115179255464755.jpg?w=900\" \/>\n<meta name=\"twitter:card\" content=\"summary_large_image\" \/>\n<meta name=\"twitter:site\" content=\"@FraFiori21\" \/>\n<meta name=\"twitter:label1\" content=\"Tempo di lettura stimato\" \/>\n\t<meta name=\"twitter:data1\" content=\"2 minuti\" \/>\n<script type=\"application\/ld+json\" class=\"yoast-schema-graph\">{\"@context\":\"https:\/\/schema.org\",\"@graph\":[{\"@type\":\"WebPage\",\"@id\":\"https:\/\/ispirazionesportiva.com\/index.php\/il-principe-lorenzo-e-la-magia-del-cuore-giallo\/\",\"url\":\"https:\/\/ispirazionesportiva.com\/index.php\/il-principe-lorenzo-e-la-magia-del-cuore-giallo\/\",\"name\":\"Il Principe Lorenzo e la magia del cuore giallo - IspirazioneSportiva.com\",\"isPartOf\":{\"@id\":\"https:\/\/ispirazionesportiva.com\/#website\"},\"datePublished\":\"2020-04-26T16:59:39+00:00\",\"dateModified\":\"2022-07-22T10:35:58+00:00\",\"breadcrumb\":{\"@id\":\"https:\/\/ispirazionesportiva.com\/index.php\/il-principe-lorenzo-e-la-magia-del-cuore-giallo\/#breadcrumb\"},\"inLanguage\":\"it-IT\",\"potentialAction\":[{\"@type\":\"ReadAction\",\"target\":[\"https:\/\/ispirazionesportiva.com\/index.php\/il-principe-lorenzo-e-la-magia-del-cuore-giallo\/\"]}]},{\"@type\":\"BreadcrumbList\",\"@id\":\"https:\/\/ispirazionesportiva.com\/index.php\/il-principe-lorenzo-e-la-magia-del-cuore-giallo\/#breadcrumb\",\"itemListElement\":[{\"@type\":\"ListItem\",\"position\":1,\"name\":\"Home\",\"item\":\"https:\/\/ispirazionesportiva.com\/\"},{\"@type\":\"ListItem\",\"position\":2,\"name\":\"Il Principe Lorenzo e la magia del cuore giallo\"}]},{\"@type\":\"WebSite\",\"@id\":\"https:\/\/ispirazionesportiva.com\/#website\",\"url\":\"https:\/\/ispirazionesportiva.com\/\",\"name\":\"IspirazioneSportiva.com\",\"description\":\"Le storie sportive che emozionano\",\"publisher\":{\"@id\":\"https:\/\/ispirazionesportiva.com\/#organization\"},\"potentialAction\":[{\"@type\":\"SearchAction\",\"target\":{\"@type\":\"EntryPoint\",\"urlTemplate\":\"https:\/\/ispirazionesportiva.com\/?s={search_term_string}\"},\"query-input\":\"required name=search_term_string\"}],\"inLanguage\":\"it-IT\"},{\"@type\":\"Organization\",\"@id\":\"https:\/\/ispirazionesportiva.com\/#organization\",\"name\":\"ispirazionesportiva.com\",\"url\":\"https:\/\/ispirazionesportiva.com\/\",\"logo\":{\"@type\":\"ImageObject\",\"inLanguage\":\"it-IT\",\"@id\":\"https:\/\/ispirazionesportiva.com\/#\/schema\/logo\/image\/\",\"url\":\"https:\/\/ispirazionesportiva.com\/wp-content\/uploads\/2020\/08\/1589964388149.jpg\",\"contentUrl\":\"https:\/\/ispirazionesportiva.com\/wp-content\/uploads\/2020\/08\/1589964388149.jpg\",\"width\":980,\"height\":600,\"caption\":\"ispirazionesportiva.com\"},\"image\":{\"@id\":\"https:\/\/ispirazionesportiva.com\/#\/schema\/logo\/image\/\"},\"sameAs\":[\"https:\/\/www.facebook.com\/search\/top\/?q=ispirazionesportiva.com\",\"https:\/\/twitter.com\/FraFiori21\",\"https:\/\/www.instagram.com\/ispirazione_sportiva\/?hl=it\",\"https:\/\/www.linkedin.com\/in\/mario-francesco-fiori-8788ba1b4\/\"]}]}<\/script>\n<!-- \/ Yoast SEO plugin. -->","yoast_head_json":{"title":"Il Principe Lorenzo e la magia del cuore giallo - IspirazioneSportiva.com","robots":{"index":"index","follow":"follow","max-snippet":"max-snippet:-1","max-image-preview":"max-image-preview:large","max-video-preview":"max-video-preview:-1"},"canonical":"https:\/\/ispirazionesportiva.com\/index.php\/il-principe-lorenzo-e-la-magia-del-cuore-giallo\/","og_locale":"it_IT","og_type":"article","og_title":"Il Principe Lorenzo e la magia del cuore giallo - IspirazioneSportiva.com","og_description":"Lorenzo \u00e8 il sorriso dell&#8217;amore, \u00e8 il Piccolo Principe che ha ispirato IspirazioneSportiva.com, che racconta...","og_url":"https:\/\/ispirazionesportiva.com\/index.php\/il-principe-lorenzo-e-la-magia-del-cuore-giallo\/","og_site_name":"IspirazioneSportiva.com","article_publisher":"https:\/\/www.facebook.com\/search\/top\/?q=ispirazionesportiva.com","article_modified_time":"2022-07-22T10:35:58+00:00","og_image":[{"url":"https:\/\/tuttoilbellodellosport.files.wordpress.com\/2020\/04\/kisspng-heart-yellow-clip-art-yellow-heart-png-hd-5a79b4aa741643.0136993115179255464755.jpg?w=900"}],"twitter_card":"summary_large_image","twitter_site":"@FraFiori21","twitter_misc":{"Tempo di lettura stimato":"2 minuti"},"schema":{"@context":"https:\/\/schema.org","@graph":[{"@type":"WebPage","@id":"https:\/\/ispirazionesportiva.com\/index.php\/il-principe-lorenzo-e-la-magia-del-cuore-giallo\/","url":"https:\/\/ispirazionesportiva.com\/index.php\/il-principe-lorenzo-e-la-magia-del-cuore-giallo\/","name":"Il Principe Lorenzo e la magia del cuore giallo - IspirazioneSportiva.com","isPartOf":{"@id":"https:\/\/ispirazionesportiva.com\/#website"},"datePublished":"2020-04-26T16:59:39+00:00","dateModified":"2022-07-22T10:35:58+00:00","breadcrumb":{"@id":"https:\/\/ispirazionesportiva.com\/index.php\/il-principe-lorenzo-e-la-magia-del-cuore-giallo\/#breadcrumb"},"inLanguage":"it-IT","potentialAction":[{"@type":"ReadAction","target":["https:\/\/ispirazionesportiva.com\/index.php\/il-principe-lorenzo-e-la-magia-del-cuore-giallo\/"]}]},{"@type":"BreadcrumbList","@id":"https:\/\/ispirazionesportiva.com\/index.php\/il-principe-lorenzo-e-la-magia-del-cuore-giallo\/#breadcrumb","itemListElement":[{"@type":"ListItem","position":1,"name":"Home","item":"https:\/\/ispirazionesportiva.com\/"},{"@type":"ListItem","position":2,"name":"Il Principe Lorenzo e la magia del cuore giallo"}]},{"@type":"WebSite","@id":"https:\/\/ispirazionesportiva.com\/#website","url":"https:\/\/ispirazionesportiva.com\/","name":"IspirazioneSportiva.com","description":"Le storie sportive che emozionano","publisher":{"@id":"https:\/\/ispirazionesportiva.com\/#organization"},"potentialAction":[{"@type":"SearchAction","target":{"@type":"EntryPoint","urlTemplate":"https:\/\/ispirazionesportiva.com\/?s={search_term_string}"},"query-input":"required name=search_term_string"}],"inLanguage":"it-IT"},{"@type":"Organization","@id":"https:\/\/ispirazionesportiva.com\/#organization","name":"ispirazionesportiva.com","url":"https:\/\/ispirazionesportiva.com\/","logo":{"@type":"ImageObject","inLanguage":"it-IT","@id":"https:\/\/ispirazionesportiva.com\/#\/schema\/logo\/image\/","url":"https:\/\/ispirazionesportiva.com\/wp-content\/uploads\/2020\/08\/1589964388149.jpg","contentUrl":"https:\/\/ispirazionesportiva.com\/wp-content\/uploads\/2020\/08\/1589964388149.jpg","width":980,"height":600,"caption":"ispirazionesportiva.com"},"image":{"@id":"https:\/\/ispirazionesportiva.com\/#\/schema\/logo\/image\/"},"sameAs":["https:\/\/www.facebook.com\/search\/top\/?q=ispirazionesportiva.com","https:\/\/twitter.com\/FraFiori21","https:\/\/www.instagram.com\/ispirazione_sportiva\/?hl=it","https:\/\/www.linkedin.com\/in\/mario-francesco-fiori-8788ba1b4\/"]}]}},"_links":{"self":[{"href":"https:\/\/ispirazionesportiva.com\/index.php\/wp-json\/wp\/v2\/pages\/102","targetHints":{"allow":["GET"]}}],"collection":[{"href":"https:\/\/ispirazionesportiva.com\/index.php\/wp-json\/wp\/v2\/pages"}],"about":[{"href":"https:\/\/ispirazionesportiva.com\/index.php\/wp-json\/wp\/v2\/types\/page"}],"author":[{"embeddable":true,"href":"https:\/\/ispirazionesportiva.com\/index.php\/wp-json\/wp\/v2\/users\/4"}],"replies":[{"embeddable":true,"href":"https:\/\/ispirazionesportiva.com\/index.php\/wp-json\/wp\/v2\/comments?post=102"}],"version-history":[{"count":1,"href":"https:\/\/ispirazionesportiva.com\/index.php\/wp-json\/wp\/v2\/pages\/102\/revisions"}],"predecessor-version":[{"id":1605,"href":"https:\/\/ispirazionesportiva.com\/index.php\/wp-json\/wp\/v2\/pages\/102\/revisions\/1605"}],"wp:attachment":[{"href":"https:\/\/ispirazionesportiva.com\/index.php\/wp-json\/wp\/v2\/media?parent=102"}],"curies":[{"name":"wp","href":"https:\/\/api.w.org\/{rel}","templated":true}]}}